{"id":3133,"date":"2021-08-08T23:10:20","date_gmt":"2021-08-09T05:10:20","guid":{"rendered":"https:\/\/www.mazatlansportfishing.com\/english\/?page_id=3133"},"modified":"2021-08-25T12:47:50","modified_gmt":"2021-08-25T18:47:50","slug":"fishing-report","status":"publish","type":"page","link":"https:\/\/www.mazatlansportfishing.com\/english\/fishing-report\/","title":{"rendered":"Fishing Report"},"content":{"rendered":"\t\t<div data-elementor-type=\"wp-page\" data-elementor-id=\"3133\" class=\"elementor elementor-3133\" data-elementor-settings=\"[]\">\n\t\t\t\t\t\t\t<div class=\"elementor-section-wrap\">\n\t\t\t\t\t\t\t<section class=\"elementor-section elementor-top-section elementor-element elementor-element-7e73b16 elementor-section-boxed elementor-section-height-default elementor-section-height-default\" data-id=\"7e73b16\" data-element_type=\"section\">\n\t\t\t\t\t\t<div class=\"elementor-container elementor-column-gap-default\">\n\t\t\t\t\t<div class=\"elementor-column elementor-col-100 elementor-top-column elementor-element elementor-element-3ef6a22\" data-id=\"3ef6a22\" data-element_type=\"column\">\n\t\t\t<div class=\"elementor-widget-wrap elementor-element-populated\">\n\t\t\t\t\t\t\t\t<div class=\"elementor-element elementor-element-efd12da elementor-widget elementor-widget-impeka_blog\" data-id=\"efd12da\" data-element_type=\"widget\" data-widget_type=\"impeka_blog.default\">\n\t\t\t\t<div class=\"elementor-widget-container\">\n\t\t\t<div data-display-style=\"pagination\" data-spinner=\"no\" class=\"grve-element grve-blog grve-blog-large grve-non-isotope\" id=\"el-efd12da\">\r\n\t<div class=\"grve-standard-container\">\r\n\r\n\t<article class=\"post-3001 post type-post status-publish format-standard hentry category-reporte-de-pesca grve-entry-item grve-blog-item\" itemscope itemType=\"http:\/\/schema.org\/BlogPosting\">\r\n\t\t<div class=\"grve-blog-big-item-inner\">\r\n\t\t\t<div class=\"grve-post-item grve-style-large\">\r\n\t<div class=\"grve-post-item-inner\">\r\n\t\t\t\t<div class=\"grve-post-content\" itemprop=\"articleBody\">\r\n\t\t\t<a href=\"https:\/\/www.mazatlansportfishing.com\/english\/reporte-de-pesca\/reporte-de-pesca-a004\/\" rel=\"bookmark\"><h2 class=\"grve-post-title grve-h3\" itemprop=\"headline\"><span>Reporte de Pesca A004<\/span><\/h2><\/a>\t\t\t\t<div class=\"grve-post-meta grve-style-1 grve-text-default grve-svg-default\">\r\n\t\t\t\t<div class=\"grve-post-author grve-small-text\">admin<\/div>\r\n\t\t\t\t\t\t<div class=\"grve-post-date grve-small-text\"><span>\t\t\t<time datetime=\"2021-08-08T19:56:26-06:00\">\r\n\t\t\t\t8 de August de 2021\t\t\t<\/time>\r\n\t\t\t<\/span><\/div>\r\n\t\t\t\t\t\t<div class=\"grve-post-likes grve-small-text\">\t\t\t\t<svg width=\"24px\" height=\"24px\" viewBox=\"0 0 24 24\" stroke-width=\"0\">\r\n\t\t\t\t\t<path d=\"M16,4 C18.7614237,4 21,6.23857625 21,9 L20.9979707,9.14384363 C21,13.09813 18,17.049065 12,21 C6.13043478,17.1349549 3.13185255,13.2699098 3.00425331,9.40486468 L3,9 C3,6.23857625 5.23857625,4 8,4 C9.63573058,4 11.0880049,4.7854695 12.0002202,5.99980567 C12.9119951,4.7854695 14.3642694,4 16,4 Z M16,6 C15.1111332,6 14.2899521,6.38707926 13.7252504,7.04426723 L13.5995734,7.20066758 L12.0006064,9.33023224 L10.4011455,7.20103842 C9.83618754,6.44896935 8.95727871,6 8,6 C6.40231912,6 5.09633912,7.24891996 5.00499374,8.80488898 L4.99988964,8.97899015 L5.0031643,9.33887334 C5.09535291,12.1313127 7.2531301,15.1613039 11.6695429,18.3451961 L11.999,18.58 L12.3276908,18.3472272 C16.7356425,15.170173 18.8904316,12.1482009 18.9942273,9.33186537 L19,9 C19,7.34314575 17.6568542,6 16,6 Z\"><\/path>\r\n\t\t\t\t<\/svg>\r\n\t\t\t<span>3<\/span><\/div>\r\n\t\t\t\t\t\t<div class=\"grve-post-comments grve-small-text\">\t\t\t\t<svg width=\"24px\" height=\"24px\" viewBox=\"0 0 24 24\" stroke-width=\"0\">\r\n\t\t\t\t\t<path d=\"M21,4 C21.5522847,4 22,4.44585139 22,4.99583694 L22,16.9458803 C22,17.4958658 21.5522847,17.9417172 21,17.9417172 L15.071,17.9417172 L12,21 L8.929,17.9417172 L3,17.9417172 C2.44771525,17.9417172 2,17.4958658 2,16.9458803 L2,4.99583694 C2,4.44585139 2.44771525,4 3,4 L21,4 Z M20,5.99167389 L4,5.99167389 L4,15.9500433 L9.75744006,15.9500433 L12,18.1827098 L14.2425599,15.9500433 L20,15.9500433 L20,5.99167389 Z M18,12 L18,14 L6,14 L6,12 L18,12 Z M18,8 L18,10 L6,10 L6,8 L18,8 Z\"><\/path>\r\n\t\t\t\t<\/svg>\r\n\t\t\t<span>0<\/span><\/div>\r\n\t\t\t<\/div>\r\n\t\t\t<p>Lorem ipsum dolor sit amet, consectetur adipiscing elit. Sed fermentum eleifend dapibus. Phasellus eleifend dolor eget pellentesque rhoncus. Vivamus feugiat luctus arcu, lacinia ultricies odio tempus id. Sed luctus eu magna et luctus. Donec ultricies eros eget est porta condimentum. Quisque molestie tempor purus, nec gravida ex. Mauris non velit ac ex egestas malesuada. Ut&hellip;<\/p><a class=\"grve-read-more grve-link-text\" href=\"https:\/\/www.mazatlansportfishing.com\/english\/reporte-de-pesca\/reporte-de-pesca-a004\/\"><span>Leer M\u00e1s<\/span>\t\t\t\t<svg width=\"40px\" height=\"16px\" viewBox=\"0 0 40 16\">\r\n\t\t\t\t\t<polygon class=\"grve-arrow-line\" points=\"0 7 38 7 38 9 0 9\"><\/polygon>\r\n\t\t\t\t\t<polygon class=\"grve-arrow-point\" points=\"31.3481912 0 40 8 31.3481912 16 30 14.5816219 37.1 8 30 1.41837809\"><\/polygon>\r\n\t\t\t\t<\/svg>\r\n\t\t\t<\/a>\t\t\t\t\t<\/div>\r\n\t<\/div>\r\n\t\t\t<span class=\"grve-hidden\">\r\n\t\t\t<span class=\"grve-structured-data\" itemprop=\"image\" itemscope itemtype=\"http:\/\/schema.org\/ImageObject\">\r\n\t\t\t   <span itemprop='url' >https:\/\/www.mazatlansportfishing.com\/english\/wp-content\/themes\/impeka\/images\/empty\/thumbnail.jpg<\/span>\r\n\t\t\t   <span itemprop='height' >150<\/span>\r\n\t\t\t   <span itemprop='width' >150<\/span>\r\n\t\t\t<\/span>\r\n\t\t\t\t\t\t<span class=\"grve-structured-data\" itemprop=\"author\" itemscope itemtype=\"http:\/\/schema.org\/Person\">\r\n\t\t\t\t<span itemprop=\"name\">admin<\/span>\r\n\t\t\t<\/span>\r\n\t\t\t<span class=\"grve-structured-data\" itemprop=\"publisher\" itemscope itemtype=\"http:\/\/schema.org\/Organization\">\r\n\t\t\t\t<span itemprop='name'>admin<\/span>\r\n\t\t\t\t<span itemprop='logo' itemscope itemtype='http:\/\/schema.org\/ImageObject'>\r\n\t\t\t\t\t<span itemprop='url'>https:\/\/secure.gravatar.com\/avatar\/7d70133d534cbe7054ae3e106bf8090a0e438e501eb906ac7d477f340cc45b71?s=96&#038;d=mm&#038;r=g<\/span>\r\n\t\t\t\t<\/span>\r\n\t\t\t<\/span>\r\n\t\t\t\t\t\t<time class=\"grve-structured-data\" itemprop=\"datePublished\" datetime=\"2021-08-08T19:56:26-06:00\">8 de August de 2021<\/time>\r\n\t\t\t<time class=\"grve-structured-data\" itemprop=\"dateModified\"  datetime=\"2021-08-08T19:56:26-06:00\">8 de August de 2021<\/time>\r\n\t\t\t<span class=\"grve-structured-data\" itemprop=\"mainEntityOfPage\" itemscope itemtype=\"http:\/\/schema.org\/WebPage\" itemid=\"https:\/\/www.mazatlansportfishing.com\/english\/reporte-de-pesca\/reporte-de-pesca-a004\/\"><\/span>\r\n\t\t<\/span>\r\n\t<\/div>\r\n\t\t<\/div>\r\n\t<\/article>\r\n\t\r\n\t<article class=\"post-2805 post type-post status-publish format-standard hentry category-reporte-de-pesca grve-entry-item grve-blog-item\" itemscope itemType=\"http:\/\/schema.org\/BlogPosting\">\r\n\t\t<div class=\"grve-blog-big-item-inner\">\r\n\t\t\t<div class=\"grve-post-item grve-style-large\">\r\n\t<div class=\"grve-post-item-inner\">\r\n\t\t\t\t<div class=\"grve-post-content\" itemprop=\"articleBody\">\r\n\t\t\t<a href=\"https:\/\/www.mazatlansportfishing.com\/english\/reporte-de-pesca\/reporte-de-pesca-a003\/\" rel=\"bookmark\"><h2 class=\"grve-post-title grve-h3\" itemprop=\"headline\"><span>Reporte de Pesca A003<\/span><\/h2><\/a>\t\t\t\t<div class=\"grve-post-meta grve-style-1 grve-text-default grve-svg-default\">\r\n\t\t\t\t<div class=\"grve-post-author grve-small-text\">admin<\/div>\r\n\t\t\t\t\t\t<div class=\"grve-post-date grve-small-text\"><span>\t\t\t<time datetime=\"2021-07-07T17:00:16-06:00\">\r\n\t\t\t\t7 de July de 2021\t\t\t<\/time>\r\n\t\t\t<\/span><\/div>\r\n\t\t\t\t\t\t<div class=\"grve-post-likes grve-small-text\">\t\t\t\t<svg width=\"24px\" height=\"24px\" viewBox=\"0 0 24 24\" stroke-width=\"0\">\r\n\t\t\t\t\t<path d=\"M16,4 C18.7614237,4 21,6.23857625 21,9 L20.9979707,9.14384363 C21,13.09813 18,17.049065 12,21 C6.13043478,17.1349549 3.13185255,13.2699098 3.00425331,9.40486468 L3,9 C3,6.23857625 5.23857625,4 8,4 C9.63573058,4 11.0880049,4.7854695 12.0002202,5.99980567 C12.9119951,4.7854695 14.3642694,4 16,4 Z M16,6 C15.1111332,6 14.2899521,6.38707926 13.7252504,7.04426723 L13.5995734,7.20066758 L12.0006064,9.33023224 L10.4011455,7.20103842 C9.83618754,6.44896935 8.95727871,6 8,6 C6.40231912,6 5.09633912,7.24891996 5.00499374,8.80488898 L4.99988964,8.97899015 L5.0031643,9.33887334 C5.09535291,12.1313127 7.2531301,15.1613039 11.6695429,18.3451961 L11.999,18.58 L12.3276908,18.3472272 C16.7356425,15.170173 18.8904316,12.1482009 18.9942273,9.33186537 L19,9 C19,7.34314575 17.6568542,6 16,6 Z\"><\/path>\r\n\t\t\t\t<\/svg>\r\n\t\t\t<span>3<\/span><\/div>\r\n\t\t\t\t\t\t<div class=\"grve-post-comments grve-small-text\">\t\t\t\t<svg width=\"24px\" height=\"24px\" viewBox=\"0 0 24 24\" stroke-width=\"0\">\r\n\t\t\t\t\t<path d=\"M21,4 C21.5522847,4 22,4.44585139 22,4.99583694 L22,16.9458803 C22,17.4958658 21.5522847,17.9417172 21,17.9417172 L15.071,17.9417172 L12,21 L8.929,17.9417172 L3,17.9417172 C2.44771525,17.9417172 2,17.4958658 2,16.9458803 L2,4.99583694 C2,4.44585139 2.44771525,4 3,4 L21,4 Z M20,5.99167389 L4,5.99167389 L4,15.9500433 L9.75744006,15.9500433 L12,18.1827098 L14.2425599,15.9500433 L20,15.9500433 L20,5.99167389 Z M18,12 L18,14 L6,14 L6,12 L18,12 Z M18,8 L18,10 L6,10 L6,8 L18,8 Z\"><\/path>\r\n\t\t\t\t<\/svg>\r\n\t\t\t<span>0<\/span><\/div>\r\n\t\t\t<\/div>\r\n\t\t\t<p>Lorem ipsum dolor sit amet, consectetur adipiscing elit. Sed fermentum eleifend dapibus. Phasellus eleifend dolor eget pellentesque rhoncus. Vivamus feugiat luctus arcu, lacinia ultricies odio tempus id. Sed luctus eu magna et luctus. Donec ultricies eros eget est porta condimentum. Quisque molestie tempor purus, nec gravida ex. Mauris non velit ac ex egestas malesuada. Ut&hellip;<\/p><a class=\"grve-read-more grve-link-text\" href=\"https:\/\/www.mazatlansportfishing.com\/english\/reporte-de-pesca\/reporte-de-pesca-a003\/\"><span>Leer M\u00e1s<\/span>\t\t\t\t<svg width=\"40px\" height=\"16px\" viewBox=\"0 0 40 16\">\r\n\t\t\t\t\t<polygon class=\"grve-arrow-line\" points=\"0 7 38 7 38 9 0 9\"><\/polygon>\r\n\t\t\t\t\t<polygon class=\"grve-arrow-point\" points=\"31.3481912 0 40 8 31.3481912 16 30 14.5816219 37.1 8 30 1.41837809\"><\/polygon>\r\n\t\t\t\t<\/svg>\r\n\t\t\t<\/a>\t\t\t\t\t<\/div>\r\n\t<\/div>\r\n\t\t\t<span class=\"grve-hidden\">\r\n\t\t\t<span class=\"grve-structured-data\" itemprop=\"image\" itemscope itemtype=\"http:\/\/schema.org\/ImageObject\">\r\n\t\t\t   <span itemprop='url' >https:\/\/www.mazatlansportfishing.com\/english\/wp-content\/themes\/impeka\/images\/empty\/thumbnail.jpg<\/span>\r\n\t\t\t   <span itemprop='height' >150<\/span>\r\n\t\t\t   <span itemprop='width' >150<\/span>\r\n\t\t\t<\/span>\r\n\t\t\t\t\t\t<span class=\"grve-structured-data\" itemprop=\"author\" itemscope itemtype=\"http:\/\/schema.org\/Person\">\r\n\t\t\t\t<span itemprop=\"name\">admin<\/span>\r\n\t\t\t<\/span>\r\n\t\t\t<span class=\"grve-structured-data\" itemprop=\"publisher\" itemscope itemtype=\"http:\/\/schema.org\/Organization\">\r\n\t\t\t\t<span itemprop='name'>admin<\/span>\r\n\t\t\t\t<span itemprop='logo' itemscope itemtype='http:\/\/schema.org\/ImageObject'>\r\n\t\t\t\t\t<span itemprop='url'>https:\/\/secure.gravatar.com\/avatar\/7d70133d534cbe7054ae3e106bf8090a0e438e501eb906ac7d477f340cc45b71?s=96&#038;d=mm&#038;r=g<\/span>\r\n\t\t\t\t<\/span>\r\n\t\t\t<\/span>\r\n\t\t\t\t\t\t<time class=\"grve-structured-data\" itemprop=\"datePublished\" datetime=\"2021-07-07T17:00:16-06:00\">7 de July de 2021<\/time>\r\n\t\t\t<time class=\"grve-structured-data\" itemprop=\"dateModified\"  datetime=\"2021-07-07T17:00:16-06:00\">7 de July de 2021<\/time>\r\n\t\t\t<span class=\"grve-structured-data\" itemprop=\"mainEntityOfPage\" itemscope itemtype=\"http:\/\/schema.org\/WebPage\" itemid=\"https:\/\/www.mazatlansportfishing.com\/english\/reporte-de-pesca\/reporte-de-pesca-a003\/\"><\/span>\r\n\t\t<\/span>\r\n\t<\/div>\r\n\t\t<\/div>\r\n\t<\/article>\r\n\t\r\n\t<article class=\"post-2803 post type-post status-publish format-standard hentry category-reporte-de-pesca grve-entry-item grve-blog-item\" itemscope itemType=\"http:\/\/schema.org\/BlogPosting\">\r\n\t\t<div class=\"grve-blog-big-item-inner\">\r\n\t\t\t<div class=\"grve-post-item grve-style-large\">\r\n\t<div class=\"grve-post-item-inner\">\r\n\t\t\t\t<div class=\"grve-post-content\" itemprop=\"articleBody\">\r\n\t\t\t<a href=\"https:\/\/www.mazatlansportfishing.com\/english\/reporte-de-pesca\/reporte-de-pesca-a002\/\" rel=\"bookmark\"><h2 class=\"grve-post-title grve-h3\" itemprop=\"headline\"><span>Reporte de Pesca A002<\/span><\/h2><\/a>\t\t\t\t<div class=\"grve-post-meta grve-style-1 grve-text-default grve-svg-default\">\r\n\t\t\t\t<div class=\"grve-post-author grve-small-text\">admin<\/div>\r\n\t\t\t\t\t\t<div class=\"grve-post-date grve-small-text\"><span>\t\t\t<time datetime=\"2021-07-06T16:58:46-06:00\">\r\n\t\t\t\t6 de July de 2021\t\t\t<\/time>\r\n\t\t\t<\/span><\/div>\r\n\t\t\t\t\t\t<div class=\"grve-post-likes grve-small-text\">\t\t\t\t<svg width=\"24px\" height=\"24px\" viewBox=\"0 0 24 24\" stroke-width=\"0\">\r\n\t\t\t\t\t<path d=\"M16,4 C18.7614237,4 21,6.23857625 21,9 L20.9979707,9.14384363 C21,13.09813 18,17.049065 12,21 C6.13043478,17.1349549 3.13185255,13.2699098 3.00425331,9.40486468 L3,9 C3,6.23857625 5.23857625,4 8,4 C9.63573058,4 11.0880049,4.7854695 12.0002202,5.99980567 C12.9119951,4.7854695 14.3642694,4 16,4 Z M16,6 C15.1111332,6 14.2899521,6.38707926 13.7252504,7.04426723 L13.5995734,7.20066758 L12.0006064,9.33023224 L10.4011455,7.20103842 C9.83618754,6.44896935 8.95727871,6 8,6 C6.40231912,6 5.09633912,7.24891996 5.00499374,8.80488898 L4.99988964,8.97899015 L5.0031643,9.33887334 C5.09535291,12.1313127 7.2531301,15.1613039 11.6695429,18.3451961 L11.999,18.58 L12.3276908,18.3472272 C16.7356425,15.170173 18.8904316,12.1482009 18.9942273,9.33186537 L19,9 C19,7.34314575 17.6568542,6 16,6 Z\"><\/path>\r\n\t\t\t\t<\/svg>\r\n\t\t\t<span>3<\/span><\/div>\r\n\t\t\t\t\t\t<div class=\"grve-post-comments grve-small-text\">\t\t\t\t<svg width=\"24px\" height=\"24px\" viewBox=\"0 0 24 24\" stroke-width=\"0\">\r\n\t\t\t\t\t<path d=\"M21,4 C21.5522847,4 22,4.44585139 22,4.99583694 L22,16.9458803 C22,17.4958658 21.5522847,17.9417172 21,17.9417172 L15.071,17.9417172 L12,21 L8.929,17.9417172 L3,17.9417172 C2.44771525,17.9417172 2,17.4958658 2,16.9458803 L2,4.99583694 C2,4.44585139 2.44771525,4 3,4 L21,4 Z M20,5.99167389 L4,5.99167389 L4,15.9500433 L9.75744006,15.9500433 L12,18.1827098 L14.2425599,15.9500433 L20,15.9500433 L20,5.99167389 Z M18,12 L18,14 L6,14 L6,12 L18,12 Z M18,8 L18,10 L6,10 L6,8 L18,8 Z\"><\/path>\r\n\t\t\t\t<\/svg>\r\n\t\t\t<span>0<\/span><\/div>\r\n\t\t\t<\/div>\r\n\t\t\t<p>Lorem ipsum dolor sit amet, consectetur adipiscing elit. Sed fermentum eleifend dapibus. Phasellus eleifend dolor eget pellentesque rhoncus. Vivamus feugiat luctus arcu, lacinia ultricies odio tempus id. Sed luctus eu magna et luctus. Donec ultricies eros eget est porta condimentum. Quisque molestie tempor purus, nec gravida ex. Mauris non velit ac ex egestas malesuada. Ut&hellip;<\/p><a class=\"grve-read-more grve-link-text\" href=\"https:\/\/www.mazatlansportfishing.com\/english\/reporte-de-pesca\/reporte-de-pesca-a002\/\"><span>Leer M\u00e1s<\/span>\t\t\t\t<svg width=\"40px\" height=\"16px\" viewBox=\"0 0 40 16\">\r\n\t\t\t\t\t<polygon class=\"grve-arrow-line\" points=\"0 7 38 7 38 9 0 9\"><\/polygon>\r\n\t\t\t\t\t<polygon class=\"grve-arrow-point\" points=\"31.3481912 0 40 8 31.3481912 16 30 14.5816219 37.1 8 30 1.41837809\"><\/polygon>\r\n\t\t\t\t<\/svg>\r\n\t\t\t<\/a>\t\t\t\t\t<\/div>\r\n\t<\/div>\r\n\t\t\t<span class=\"grve-hidden\">\r\n\t\t\t<span class=\"grve-structured-data\" itemprop=\"image\" itemscope itemtype=\"http:\/\/schema.org\/ImageObject\">\r\n\t\t\t   <span itemprop='url' >https:\/\/www.mazatlansportfishing.com\/english\/wp-content\/themes\/impeka\/images\/empty\/thumbnail.jpg<\/span>\r\n\t\t\t   <span itemprop='height' >150<\/span>\r\n\t\t\t   <span itemprop='width' >150<\/span>\r\n\t\t\t<\/span>\r\n\t\t\t\t\t\t<span class=\"grve-structured-data\" itemprop=\"author\" itemscope itemtype=\"http:\/\/schema.org\/Person\">\r\n\t\t\t\t<span itemprop=\"name\">admin<\/span>\r\n\t\t\t<\/span>\r\n\t\t\t<span class=\"grve-structured-data\" itemprop=\"publisher\" itemscope itemtype=\"http:\/\/schema.org\/Organization\">\r\n\t\t\t\t<span itemprop='name'>admin<\/span>\r\n\t\t\t\t<span itemprop='logo' itemscope itemtype='http:\/\/schema.org\/ImageObject'>\r\n\t\t\t\t\t<span itemprop='url'>https:\/\/secure.gravatar.com\/avatar\/7d70133d534cbe7054ae3e106bf8090a0e438e501eb906ac7d477f340cc45b71?s=96&#038;d=mm&#038;r=g<\/span>\r\n\t\t\t\t<\/span>\r\n\t\t\t<\/span>\r\n\t\t\t\t\t\t<time class=\"grve-structured-data\" itemprop=\"datePublished\" datetime=\"2021-07-06T16:58:46-06:00\">6 de July de 2021<\/time>\r\n\t\t\t<time class=\"grve-structured-data\" itemprop=\"dateModified\"  datetime=\"2021-07-06T16:58:46-06:00\">6 de July de 2021<\/time>\r\n\t\t\t<span class=\"grve-structured-data\" itemprop=\"mainEntityOfPage\" itemscope itemtype=\"http:\/\/schema.org\/WebPage\" itemid=\"https:\/\/www.mazatlansportfishing.com\/english\/reporte-de-pesca\/reporte-de-pesca-a002\/\"><\/span>\r\n\t\t<\/span>\r\n\t<\/div>\r\n\t\t<\/div>\r\n\t<\/article>\r\n\t\r\n\t<article class=\"post-2784 post type-post status-publish format-standard hentry category-reporte-de-pesca grve-entry-item grve-blog-item\" itemscope itemType=\"http:\/\/schema.org\/BlogPosting\">\r\n\t\t<div class=\"grve-blog-big-item-inner\">\r\n\t\t\t<div class=\"grve-post-item grve-style-large\">\r\n\t<div class=\"grve-post-item-inner\">\r\n\t\t\t\t<div class=\"grve-post-content\" itemprop=\"articleBody\">\r\n\t\t\t<a href=\"https:\/\/www.mazatlansportfishing.com\/english\/reporte-de-pesca\/reporte-de-pesca-a001\/\" rel=\"bookmark\"><h2 class=\"grve-post-title grve-h3\" itemprop=\"headline\"><span>Reporte de Pesca A001<\/span><\/h2><\/a>\t\t\t\t<div class=\"grve-post-meta grve-style-1 grve-text-default grve-svg-default\">\r\n\t\t\t\t<div class=\"grve-post-author grve-small-text\">admin<\/div>\r\n\t\t\t\t\t\t<div class=\"grve-post-date grve-small-text\"><span>\t\t\t<time datetime=\"2021-07-05T16:55:00-06:00\">\r\n\t\t\t\t5 de July de 2021\t\t\t<\/time>\r\n\t\t\t<\/span><\/div>\r\n\t\t\t\t\t\t<div class=\"grve-post-likes grve-small-text\">\t\t\t\t<svg width=\"24px\" height=\"24px\" viewBox=\"0 0 24 24\" stroke-width=\"0\">\r\n\t\t\t\t\t<path d=\"M16,4 C18.7614237,4 21,6.23857625 21,9 L20.9979707,9.14384363 C21,13.09813 18,17.049065 12,21 C6.13043478,17.1349549 3.13185255,13.2699098 3.00425331,9.40486468 L3,9 C3,6.23857625 5.23857625,4 8,4 C9.63573058,4 11.0880049,4.7854695 12.0002202,5.99980567 C12.9119951,4.7854695 14.3642694,4 16,4 Z M16,6 C15.1111332,6 14.2899521,6.38707926 13.7252504,7.04426723 L13.5995734,7.20066758 L12.0006064,9.33023224 L10.4011455,7.20103842 C9.83618754,6.44896935 8.95727871,6 8,6 C6.40231912,6 5.09633912,7.24891996 5.00499374,8.80488898 L4.99988964,8.97899015 L5.0031643,9.33887334 C5.09535291,12.1313127 7.2531301,15.1613039 11.6695429,18.3451961 L11.999,18.58 L12.3276908,18.3472272 C16.7356425,15.170173 18.8904316,12.1482009 18.9942273,9.33186537 L19,9 C19,7.34314575 17.6568542,6 16,6 Z\"><\/path>\r\n\t\t\t\t<\/svg>\r\n\t\t\t<span>3<\/span><\/div>\r\n\t\t\t\t\t\t<div class=\"grve-post-comments grve-small-text\">\t\t\t\t<svg width=\"24px\" height=\"24px\" viewBox=\"0 0 24 24\" stroke-width=\"0\">\r\n\t\t\t\t\t<path d=\"M21,4 C21.5522847,4 22,4.44585139 22,4.99583694 L22,16.9458803 C22,17.4958658 21.5522847,17.9417172 21,17.9417172 L15.071,17.9417172 L12,21 L8.929,17.9417172 L3,17.9417172 C2.44771525,17.9417172 2,17.4958658 2,16.9458803 L2,4.99583694 C2,4.44585139 2.44771525,4 3,4 L21,4 Z M20,5.99167389 L4,5.99167389 L4,15.9500433 L9.75744006,15.9500433 L12,18.1827098 L14.2425599,15.9500433 L20,15.9500433 L20,5.99167389 Z M18,12 L18,14 L6,14 L6,12 L18,12 Z M18,8 L18,10 L6,10 L6,8 L18,8 Z\"><\/path>\r\n\t\t\t\t<\/svg>\r\n\t\t\t<span>0<\/span><\/div>\r\n\t\t\t<\/div>\r\n\t\t\t<p>Lorem ipsum dolor sit amet, consectetur adipiscing elit. Sed fermentum eleifend dapibus. Phasellus eleifend dolor eget pellentesque rhoncus. Vivamus feugiat luctus arcu, lacinia ultricies odio tempus id. Sed luctus eu magna et luctus. Donec ultricies eros eget est porta condimentum. Quisque molestie tempor purus, nec gravida ex. Mauris non velit ac ex egestas malesuada. Ut&hellip;<\/p><a class=\"grve-read-more grve-link-text\" href=\"https:\/\/www.mazatlansportfishing.com\/english\/reporte-de-pesca\/reporte-de-pesca-a001\/\"><span>Leer M\u00e1s<\/span>\t\t\t\t<svg width=\"40px\" height=\"16px\" viewBox=\"0 0 40 16\">\r\n\t\t\t\t\t<polygon class=\"grve-arrow-line\" points=\"0 7 38 7 38 9 0 9\"><\/polygon>\r\n\t\t\t\t\t<polygon class=\"grve-arrow-point\" points=\"31.3481912 0 40 8 31.3481912 16 30 14.5816219 37.1 8 30 1.41837809\"><\/polygon>\r\n\t\t\t\t<\/svg>\r\n\t\t\t<\/a>\t\t\t\t\t<\/div>\r\n\t<\/div>\r\n\t\t\t<span class=\"grve-hidden\">\r\n\t\t\t<span class=\"grve-structured-data\" itemprop=\"image\" itemscope itemtype=\"http:\/\/schema.org\/ImageObject\">\r\n\t\t\t   <span itemprop='url' >https:\/\/www.mazatlansportfishing.com\/english\/wp-content\/themes\/impeka\/images\/empty\/thumbnail.jpg<\/span>\r\n\t\t\t   <span itemprop='height' >150<\/span>\r\n\t\t\t   <span itemprop='width' >150<\/span>\r\n\t\t\t<\/span>\r\n\t\t\t\t\t\t<span class=\"grve-structured-data\" itemprop=\"author\" itemscope itemtype=\"http:\/\/schema.org\/Person\">\r\n\t\t\t\t<span itemprop=\"name\">admin<\/span>\r\n\t\t\t<\/span>\r\n\t\t\t<span class=\"grve-structured-data\" itemprop=\"publisher\" itemscope itemtype=\"http:\/\/schema.org\/Organization\">\r\n\t\t\t\t<span itemprop='name'>admin<\/span>\r\n\t\t\t\t<span itemprop='logo' itemscope itemtype='http:\/\/schema.org\/ImageObject'>\r\n\t\t\t\t\t<span itemprop='url'>https:\/\/secure.gravatar.com\/avatar\/7d70133d534cbe7054ae3e106bf8090a0e438e501eb906ac7d477f340cc45b71?s=96&#038;d=mm&#038;r=g<\/span>\r\n\t\t\t\t<\/span>\r\n\t\t\t<\/span>\r\n\t\t\t\t\t\t<time class=\"grve-structured-data\" itemprop=\"datePublished\" datetime=\"2021-07-05T16:55:00-06:00\">5 de July de 2021<\/time>\r\n\t\t\t<time class=\"grve-structured-data\" itemprop=\"dateModified\"  datetime=\"2021-07-05T16:55:00-06:00\">5 de July de 2021<\/time>\r\n\t\t\t<span class=\"grve-structured-data\" itemprop=\"mainEntityOfPage\" itemscope itemtype=\"http:\/\/schema.org\/WebPage\" itemid=\"https:\/\/www.mazatlansportfishing.com\/english\/reporte-de-pesca\/reporte-de-pesca-a001\/\"><\/span>\r\n\t\t<\/span>\r\n\t<\/div>\r\n\t\t<\/div>\r\n\t<\/article>\r\n\t\t<\/div>\r\n<\/div>\r\n\t\t<\/div>\n\t\t\t\t<\/div>\n\t\t\t\t\t<\/div>\n\t\t<\/div>\n\t\t\t\t\t\t\t<\/div>\n\t\t<\/section>\n\t\t\t\t\t\t<\/div>\n\t\t\t\t\t<\/div>\n\t\t","protected":false},"excerpt":{"rendered":"<p>A tan solo 45 minutos de la costa del Puerto se encuentra la presa Picachos, la m\u00e1s importante de Mazatl\u00e1n. Una nueva opci\u00f3n para acercarte a la naturaleza, capturar y [&hellip;]<\/p>\n","protected":false},"author":1,"featured_media":2678,"parent":0,"menu_order":0,"comment_status":"closed","ping_status":"closed","template":"","meta":{"footnotes":""},"class_list":["post-3133","page","type-page","status-publish","has-post-thumbnail","hentry","grve-entry-item"],"_links":{"self":[{"href":"https:\/\/www.mazatlansportfishing.com\/english\/wp-json\/wp\/v2\/pages\/3133","targetHints":{"allow":["GET"]}}],"collection":[{"href":"https:\/\/www.mazatlansportfishing.com\/english\/wp-json\/wp\/v2\/pages"}],"about":[{"href":"https:\/\/www.mazatlansportfishing.com\/english\/wp-json\/wp\/v2\/types\/page"}],"author":[{"embeddable":true,"href":"https:\/\/www.mazatlansportfishing.com\/english\/wp-json\/wp\/v2\/users\/1"}],"replies":[{"embeddable":true,"href":"https:\/\/www.mazatlansportfishing.com\/english\/wp-json\/wp\/v2\/comments?post=3133"}],"version-history":[{"count":7,"href":"https:\/\/www.mazatlansportfishing.com\/english\/wp-json\/wp\/v2\/pages\/3133\/revisions"}],"predecessor-version":[{"id":3493,"href":"https:\/\/www.mazatlansportfishing.com\/english\/wp-json\/wp\/v2\/pages\/3133\/revisions\/3493"}],"wp:featuredmedia":[{"embeddable":true,"href":"https:\/\/www.mazatlansportfishing.com\/english\/wp-json\/wp\/v2\/media\/2678"}],"wp:attachment":[{"href":"https:\/\/www.mazatlansportfishing.com\/english\/wp-json\/wp\/v2\/media?parent=3133"}],"curies":[{"name":"wp","href":"https:\/\/api.w.org\/{rel}","templated":true}]}}